{"id":511,"date":"2016-01-12T08:51:04","date_gmt":"2016-01-12T08:51:04","guid":{"rendered":"http:\/\/www.panoramatrekking.com\/demo\/?page_id=511"},"modified":"2019-12-17T11:48:39","modified_gmt":"2019-12-17T11:48:39","slug":"about-us","status":"publish","type":"page","link":"https:\/\/www.panoramatrekking.com\/fr\/about-us\/about-us\/","title":{"rendered":"\u00c0 propos de Panorama"},"content":{"rendered":"<p><\/p>\n<h2 style=\"text-align: center;\">Trekking au N\u00e9pal<\/h2>\n<h3>Votre agence locale francophone<\/h3>\n<p>C\u2019est parce que chaque personne est diff\u00e9rente que le voyage sera unique. De cette volont\u00e9 d\u2019\u00e9change et de partage est n\u00e9e Panorama Himalaya Trekking, une agence de trekking francophone au N\u00e9pal.<\/p>\n<p>\u00c0 l\u2019origine, deux personnes, Kusang et son fr\u00e8re Pasang, se sont lanc\u00e9s dans la cr\u00e9ation d\u2019une agence de trek francophone au N\u00e9pal en 2010. La passion de la montagne et le m\u00e9tier de guide s\u2019est transmis de p\u00e8re en fils : \u00ab Quand on \u00e9tait petits, on a vu papa travailler dans le tourisme et on s\u2019est dit que c\u2019\u00e9tait possible de vivre de sa passion \u00bb. Originaires des montagnes et appartenant au peuple Sherpa qui guidait autrefois les voyageurs dans leurs itin\u00e9raires en montagne. Ils ont d\u00e9cid\u00e9 de transmettre leur go\u00fbt du voyage. Ayant d\u00e9but\u00e9s comme porteurs, guides puis organisateurs de circuits de voyage, ils disposent aujourd\u2019hui d\u2019une exp\u00e9rience significative, de 20 ans, dans l\u2019accompagnement et l\u2019organisation d\u2019exp\u00e9dition de trekking.<\/p>\n<p>&nbsp;<\/p>\n<h4>Les services propos\u00e9s<\/h4>\n<p>Au fil des rencontres et des \u00e9changes la petite agence a commenc\u00e9 \u00e0 \u00e9voluer et compte d\u00e9sormais 10 guides sp\u00e9cialis\u00e9s. Panorama Himalaya propose des exp\u00e9riences de trekking et de haute montagne adapt\u00e9es \u00e0 vos envies et vos conditions physiques dans les r\u00e9gions n\u00e9palaises comme le Mustang, l\u2019Everest, les Annapurnas, le Kanchenjunga, le Mont Kailash&#8230;. Nous vous proposons aussi d\u2019autres activit\u00e9s comme des visites culturelles des villes du N\u00e9pal et des activit\u00e9s sportives comme le rafting. Pour que chacun se sente \u00e0 l\u2019aise dans son voyage, nos guides sont francophones. L\u2019anglais, l\u2019italien et l\u2019espagnol sont aussi couramment utilis\u00e9s.<\/p>\n<p>&nbsp;<\/p>\n<h4><strong>Parce que chaque personne peut contribuer \u00e0 un beau projet\u00a0!<\/strong><\/h4>\n<p>\u00ab La montagne fait partie de nos vies, tout comme ses habitants \u00bb. Les fondateurs et les guides de cette association\u00a0 sont soucieux de contribuer \u00e0 l\u2019\u00e9ducation de la population locale. Au N\u00e9pal, la scolarisation reste on\u00e9reuse pour les familles rurales, c\u2019est pourquoi Panorama Himalaya Trekking s\u2019investie dans l\u2019acc\u00e8s \u00e0 l\u2019\u00e9ducation et reverse une partie des b\u00e9n\u00e9fices \u00e0 l\u2019association <a href=\"http:\/\/soutienenterrenepalaise.fr\/\"><span style=\"color: #0000ff;\">Soutienenterren\u00e9palaise<\/span><\/a> sp\u00e9cialis\u00e9e dans l\u2019\u00e9ducation. D\u2019autres associations s\u2019engagent dans la construction d\u2019\u00e9coles et l\u2019am\u00e9lioration des \u00e9quipements comme <span style=\"color: #0000ff;\"><a style=\"color: #0000ff;\" href=\"http:\/\/nepaletvous.org\/\">N\u00e9paletvous<\/a><\/span>. En choisissant notre agence de trekking au N\u00e9pal vous contribuerez \u00e0 d\u00e9velopper les conditions d\u2019\u00e9ducation du pays.<\/p>\n<p>&nbsp;<\/p>\n<p>Nos guides sp\u00e9cialis\u00e9s et soucieux du confort de chacun contribueront \u00e0 faire de votre voyage un souvenir inoubliable. Nous prendrons soin de chaque d\u00e9tail pour vous assurer un service de qualit\u00e9, \u00e0 la hauteur de vos attentes. N\u2019h\u00e9sitez pas \u00e0 nous contacter <span style=\"color: #0000ff;\"><a style=\"color: #0000ff;\" href=\"https:\/\/www.panoramatrekking.com\/fr\/contact-us\/\">ici<\/a> <\/span>pour plus d\u2019informations.<\/p>\n<p>&nbsp;<\/p>\n<p><a href=\"http:\/\/www.panoramatrekking.com\/wp-content\/uploads\/2019\/12\/1-1-1-scaled-e1576477816445.jpg\"><img loading=\"lazy\" decoding=\"async\" class=\"aligncenter size-large wp-image-1092\" src=\"http:\/\/www.panoramatrekking.com\/wp-content\/uploads\/2019\/12\/1-1-1-1024x602.jpg\" alt=\"\u00c9quipe de Panorama\" width=\"1024\" height=\"602\" \/><\/a><\/p>\n<p>&nbsp;<\/p>\n<p>&nbsp;<\/p>","protected":false},"excerpt":{"rendered":"<p>Trekking au N\u00e9pal Votre agence locale francophone C\u2019est parce que chaque personne est diff\u00e9rente que le voyage sera unique. De cette volont\u00e9 d\u2019\u00e9change et de partage est n\u00e9e Panorama Himalaya Trekking, une agence de trekking francophone au N\u00e9pal. \u00c0 l\u2019origine, deux personnes, Kusang et son fr\u00e8re Pasang, se sont lanc\u00e9s dans la cr\u00e9ation d\u2019une agence [&hellip;]<\/p>\n","protected":false},"author":1,"featured_media":0,"parent":93,"menu_order":0,"comment_status":"closed","ping_status":"closed","template":"","meta":{"footnotes":""},"class_list":["post-511","page","type-page","status-publish","hentry"],"_links":{"self":[{"href":"https:\/\/www.panoramatrekking.com\/fr\/wp-json\/wp\/v2\/pages\/511","targetHints":{"allow":["GET"]}}],"collection":[{"href":"https:\/\/www.panoramatrekking.com\/fr\/wp-json\/wp\/v2\/pages"}],"about":[{"href":"https:\/\/www.panoramatrekking.com\/fr\/wp-json\/wp\/v2\/types\/page"}],"author":[{"embeddable":true,"href":"https:\/\/www.panoramatrekking.com\/fr\/wp-json\/wp\/v2\/users\/1"}],"replies":[{"embeddable":true,"href":"https:\/\/www.panoramatrekking.com\/fr\/wp-json\/wp\/v2\/comments?post=511"}],"version-history":[{"count":0,"href":"https:\/\/www.panoramatrekking.com\/fr\/wp-json\/wp\/v2\/pages\/511\/revisions"}],"up":[{"embeddable":true,"href":"https:\/\/www.panoramatrekking.com\/fr\/wp-json\/wp\/v2\/pages\/93"}],"wp:attachment":[{"href":"https:\/\/www.panoramatrekking.com\/fr\/wp-json\/wp\/v2\/media?parent=511"}],"curies":[{"name":"wp","href":"https:\/\/api.w.org\/{rel}","templated":true}]}}